{"id":205,"date":"2016-12-08T13:18:43","date_gmt":"2016-12-08T04:18:43","guid":{"rendered":"https:\/\/tachikawajc.or.jp\/2022\/2020\/2017\/?page_id=205"},"modified":"2025-01-17T09:44:27","modified_gmt":"2025-01-17T00:44:27","slug":"webregistration","status":"publish","type":"page","link":"https:\/\/tachikawajc.or.jp\/2025\/?page_id=205","title":{"rendered":"Web\u767b\u9332"},"content":{"rendered":"<p><!--\n\n<h2>\u52df\u96c6\u4e2d\uff01<\/h2>\n\n--><br \/>\n<!--<span style=\"color: #000000;\"><strong><span style=\"text-decoration: underline;\">\u25c6\u300c\u5730\u57df\u3068\u3064\u306a\u304c\u308b \u82e5\u624b\u7570\u696d\u7a2e\u4ea4\u6d41\u4f1a\u300d\n<\/span><\/strong><strong>\u3010\u6982\u3000\u8981\u3011<\/strong><\/span>\n<span style=\"color: #000000;\"><strong>\u958b\u50ac\u65e5\uff1a2024\u5e7412\u67089\u65e5(\u6708)<\/strong><\/span>\n<span style=\"color: #000000;\"><strong>\u4f1a\u5834\uff1a\u7acb\u5ddd\u3059\u3057\u308f\u3055\u3073\uff08 \u7acb\u5ddd\u5e02\u9326\u753a1-3-29 \u9d28\u5fd7\u7530\u30d3\u30eb1F \uff09<\/strong><\/span>\n<span style=\"text-decoration: underline; color: #3366ff;\"><a style=\"color: #3366ff;\" href=\"https:\/\/maps.app.goo.gl\/BgQB88KbZf3VNPF66\" target=\"_blank\" rel=\"noopener\"><strong>https:\/\/maps.app.goo.gl\/BgQB88KbZf3VNPF66<\/strong><\/a><\/span>\n<span style=\"color: #000000;\"><strong>\u6642\u9593\uff1a19:30\uff5e21:30\uff08\u53d7\u4ed8\u958b\u59cb19\u664215\u5206\uff5e\uff09<\/strong><\/span>\n<span style=\"color: #000000;\"><strong>\u98f2\u98df\u4ee3\uff1a5000\u5186\uff08\u5f53\u65e5\u53d7\u4ed8\u6642\u306b\u73fe\u91d1\u6255\u3044\uff09<\/strong><\/span>\n<span style=\"color: #000000;\"><strong>\u203b\u98f2\u98df\u3042\u308a(\u30a2\u30eb\u30b3\u30fc\u30eb\u985e\u30fb\u30bd\u30d5\u30c8\u30c9\u30ea\u30f3\u30af\u985e \u98f2\u307f\u653e\u984c\u4ed8\u304d)<\/strong><\/span>\n<span style=\"color: #000000;\"><strong>\u30c9\u30ec\u30b9\u30b3\u30fc\u30c9\uff1a\u30ab\u30b8\u30e5\u30a2\u30eb OR \u30d3\u30b8\u30cd\u30b9<\/strong><\/span>\n<span style=\"color: #000000;\"><strong>\u6301\u3061\u7269\uff1a\u540d\u523a<\/strong><\/span>\n<strong><span style=\"color: #000000;\">\u5b9a\u3000\u54e1\uff1a\u5148\u774030\u540d\uff08\u4e8b\u524d\u7533\u8fbc\u5236\uff09<\/span>\n<span style=\"color: #000000;\">WEB\u767b\u9332\uff1a<a href=\"https:\/\/forms.gle\/3aPuDnU4dTurfFj86\" target=\"_blank\" rel=\"noopener\"><span style=\"text-decoration: underline; color: #3366ff;\">https:\/\/forms.gle\/3aPuDnU4dTurfFj86<\/span><\/a>\n<\/span><\/strong><strong><span style=\"color: #000000;\">\u8a73\u7d30\u306f\u30c1\u30e9\u30b7\u3092\u30af\u30ea\u30c3\u30af\n<a href=\"https:\/\/tachikawajc.or.jp\/annai_241209\/\"><img fetchpriority=\"high\" decoding=\"async\" class=\"alignnone wp-image-8612 size-medium\" src=\"https:\/\/tachikawajc.or.jp\/wp-content\/uploads\/2024\/12\/S__336494596.jpg\" alt=\"\" width=\"212\" height=\"300\" \/><\/a>\n<\/span><\/strong>--><\/p>\n<p>&nbsp;<\/p>\n<p><span style=\"font-size: 18pt;\"><strong>\uff5e\uff5e\uff5e\uff5e\uff5e\u4ee5\u4e0b\u306f\u52df\u96c6\u7d42\u4e86\u3067\u3059\uff5e\uff5e\uff5e\uff5e\uff5e<br \/>\n<\/strong><\/span><\/p>\n<p><span style=\"color: #000000;\"><strong><span style=\"text-decoration: underline;\">\u25c6\u300c\u5730\u57df\u3068\u3064\u306a\u304c\u308b \u82e5\u624b\u7570\u696d\u7a2e\u4ea4\u6d41\u4f1a\u300d<br \/>\n<\/span><\/strong><strong>\u3010\u6982\u3000\u8981\u3011<\/strong><\/span><br \/>\n<span style=\"color: #000000;\"><strong>\u958b\u50ac\u65e5\uff1a2024\u5e7412\u67089\u65e5(\u6708)<\/strong><\/span><br \/>\n<span style=\"color: #000000;\"><strong>\u4f1a\u5834\uff1a\u7acb\u5ddd\u3059\u3057\u308f\u3055\u3073\uff08 \u7acb\u5ddd\u5e02\u9326\u753a1-3-29 \u9d28\u5fd7\u7530\u30d3\u30eb1F \uff09<\/strong><\/span><br \/>\n<span style=\"text-decoration: underline; color: #3366ff;\"><a style=\"color: #3366ff;\" href=\"https:\/\/maps.app.goo.gl\/BgQB88KbZf3VNPF66\" target=\"_blank\" rel=\"noopener\"><strong>https:\/\/maps.app.goo.gl\/BgQB88KbZf3VNPF66<\/strong><\/a><\/span><br \/>\n<span style=\"color: #000000;\"><strong>\u6642\u9593\uff1a19:30\uff5e21:30\uff08\u53d7\u4ed8\u958b\u59cb19\u664215\u5206\uff5e\uff09<\/strong><\/span><br \/>\n<span style=\"color: #000000;\"><strong>\u98f2\u98df\u4ee3\uff1a5000\u5186\uff08\u5f53\u65e5\u53d7\u4ed8\u6642\u306b\u73fe\u91d1\u6255\u3044\uff09<\/strong><\/span><br \/>\n<span style=\"color: #000000;\"><strong>\u203b\u98f2\u98df\u3042\u308a(\u30a2\u30eb\u30b3\u30fc\u30eb\u985e\u30fb\u30bd\u30d5\u30c8\u30c9\u30ea\u30f3\u30af\u985e \u98f2\u307f\u653e\u984c\u4ed8\u304d)<\/strong><\/span><br \/>\n<span style=\"color: #000000;\"><strong>\u30c9\u30ec\u30b9\u30b3\u30fc\u30c9\uff1a\u30ab\u30b8\u30e5\u30a2\u30eb OR \u30d3\u30b8\u30cd\u30b9<\/strong><\/span><br \/>\n<span style=\"color: #000000;\"><strong>\u6301\u3061\u7269\uff1a\u540d\u523a<\/strong><\/span><br \/>\n<strong><span style=\"color: #000000;\">\u5b9a\u3000\u54e1\uff1a\u5148\u774030\u540d\uff08\u4e8b\u524d\u7533\u8fbc\u5236\uff09<\/span><br \/>\n<span style=\"color: #000000;\">WEB\u767b\u9332\uff1a<a href=\"https:\/\/forms.gle\/3aPuDnU4dTurfFj86\" target=\"_blank\" rel=\"noopener\"><span style=\"text-decoration: underline; color: #3366ff;\">https:\/\/forms.gle\/3aPuDnU4dTurfFj86<\/span><\/a><br \/>\n<\/span><\/strong><strong><span style=\"color: #000000;\">\u8a73\u7d30\u306f\u30c1\u30e9\u30b7\u3092\u30af\u30ea\u30c3\u30af<br \/>\n<a href=\"https:\/\/tachikawajc.or.jp\/annai_241209\/\"><img fetchpriority=\"high\" decoding=\"async\" class=\"alignnone wp-image-8612 size-medium\" src=\"https:\/\/tachikawajc.or.jp\/wp-content\/uploads\/2024\/12\/S__336494596.jpg\" alt=\"\" width=\"212\" height=\"300\" \/><\/a><br \/>\n<\/span><\/strong><\/p>\n<p><span style=\"text-decoration: underline; color: #000000;\"><strong>\u25c6Try\u30fbJoin\u30fbCreate! TJC\u4f53\u9a13\u30e9\u30dc2024\uff5e\u672a\u6765\u3078\u3064\u306a\u304c\u308b3days\uff5e<\/strong><\/span><br \/>\n<span style=\"color: #000000;\"><strong>\u5c0f\u5b66\u751f\u306e\u7686\u3055\u3093\u306b\u591a\u69d8\u306a\u4f53\u9a13\u3092\u63d0\u4f9b\u3057\u3001\u672a\u6765\u3078\u306e\u5275\u9020\u6027\u3092\u80b2\u3080\u30a4\u30d9\u30f3\u30c8\u3067\u3059\uff01<\/strong><\/span><br \/>\n<span style=\"color: #000000;\"><strong>\u30fb\u958b\u50ac\u65e5\u7a0b\uff1a2024\u5e748\u670818\u65e5\uff08\u65e5\uff09\uff5e20\u65e5\uff08\u706b\uff09<\/strong><\/span><br \/>\n<span style=\"color: #000000;\"><strong>\u30fb\u958b\u50ac\u5834\u6240\uff1a\u30c9\u30fc\u30e0\u7acb\u5ddd\u7acb\u98db\uff0818\u65e5\u306819\u65e5\uff09\u3001\u6a2a\u7530\u57fa\u5730\uff0820\u65e5\uff09<\/strong><\/span><br \/>\n<span style=\"color: #000000;\"><strong>\u30fb\u5bfe\u8c61\uff1a\u7acb\u5ddd\u5e02\u3001\u56fd\u7acb\u5e02\u3001\u6b66\u8535\u6751\u5c71\u5e02\u5728\u4f4f\u306e\u5c0f\u5b66\u68215\u5e74\u751f\u30686\u5e74\u751f<\/strong><\/span><br \/>\n<span style=\"color: #000000;\"><strong>\u30fb\u53c2\u52a0\u8cbb\uff1a\u7121\u6599<br \/>\n\u30fb\u8ffd\u52a0\u67a0\uff1a9\u540d<br \/>\n<\/strong><\/span><strong>\uff0a\u5148\u7740\u9806\u3067\u306e\u6848\u5185\u3068\u306a\u308a\u307e\u3059\u3002\u5b9a\u54e1\u306b\u9054\u3057\u6b21\u7b2c \u52df\u96c6\u7d42\u4e86\u3068\u3055\u305b\u3066\u3044\u305f\u3060\u304d\u307e\u3059\u3002<\/strong><br \/>\n<span style=\"color: #ff0000;\"><strong>\uff0a\u666e\u6bb5\u3067\u304d\u306a\u3044\u591a\u69d8\u306a\u4f53\u9a13\u3092\u3057\u3066\u3044\u305f\u3060\u304d\u3001\u9023\u7d9a\u3057\u305f\u5b66\u3073\u3092\u5f97\u308b\u305f\u3081\u3001\u5168\u65e5\u7a0b\u53c2\u52a0\u3067\u304d\u308b\u65b9\u304c\u5bfe\u8c61\u3068\u306a\u3063\u3066\u304a\u308a\u307e\u3059\u3002<\/strong><\/span><br \/>\n<strong><span style=\"color: #000000;\">\u304a\u7533\u8fbc\u307f\uff1a<\/span><span style=\"color: #3366ff;\"><br \/>\n<span style=\"color: #000000;\">\u8a73\u7d30\u306f\u30c1\u30e9\u30b7\u3092\u30af\u30ea\u30c3\u30af<br \/>\n<a href=\"https:\/\/tachikawajc.or.jp\/annai-240727\/\"><img decoding=\"async\" class=\"alignnone wp-image-8201 size-medium\" src=\"https:\/\/tachikawajc.or.jp\/wp-content\/uploads\/2024\/07\/TJC\u4f53\u9a13\u30e9\u30dc_\u30c1\u30e9\u30b7\u8868-2-212x300.jpg\" alt=\"\" width=\"212\" height=\"300\" \/><\/a><a href=\"https:\/\/tachikawajc.or.jp\/annai-240727\/\"><img decoding=\"async\" class=\"alignnone wp-image-8202 size-medium\" src=\"https:\/\/tachikawajc.or.jp\/wp-content\/uploads\/2024\/07\/TJC\u4f53\u9a13\u30e9\u30dc_\u30c1\u30e9\u30b7\u88cf-2-212x300.jpg\" alt=\"\" width=\"212\" height=\"300\" \/><\/a><\/span><\/span><\/strong><\/p>\n<p><strong><span style=\"text-decoration: underline;\">\u25c6\u300c\u63d0\u706f\u7d75\u4ed8\u3051\u4f53\u9a13\u300d<br \/>\n<\/span><\/strong><strong>\u5bfe\u3000\u8c61\uff1a\u7acb\u5ddd\u5e02\u8fd1\u96a3\u306b\u5728\u4f4f\u306e3\u6b73\uff5e\u5c0f\u5b666\u5e74\u751f\u3068\u4fdd\u8b77\u8005\u69d8<\/strong><br \/>\n<strong>\u8cbb\u3000\u7528\uff1a500\u5186(\u7a0e\u8fbc)<\/strong><br \/>\n<strong>\u5834\u3000\u6240\uff1a\u7acb\u5ddd\u5e02\u3053\u3069\u3082\u672a\u6765\u30bb\u30f3\u30bf\u30fc\u3000\u7b2c1\uff5e2\u30a2\u30c8\u30ea\u30a8<\/strong><br \/>\n<strong>\u65e5\u3000\u7a0b\uff1a<\/strong><br \/>\n<strong>\u30fb8\u670825\u65e5\uff08\u65e5\uff099\uff1a45\uff5e17\uff1a00<\/strong><br \/>\n<strong>\u30fb8\u670827\u65e5\uff08\u706b\uff099\uff1a45\uff5e17\uff1a00<\/strong><br \/>\n<strong>\u30fb8\u670828\u65e5\uff08\u6c34\uff099\uff1a45\uff5e17\uff1a00<\/strong><br \/>\n\u203b\u4f5c\u696d\u6642\u9593\u306f\u7d041\u6642\u9593<br \/>\n\u203b\u5404\u56de\u5b9a\u54e1\u3042\u308a<br \/>\n<strong>\u7533\u3000\u8fbc\uff1a<\/strong><strong>\u300e7\u670813\u65e5\uff08\u571f\uff0920\uff1a00\u300f\u3088\u308a<span style=\"text-decoration: underline;\">\u5148\u7740\u9806<\/span>\u306b\u3066\u53d7\u4ed8\u3002<\/strong><br \/>\n<strong>\u3000\u3000\u3000\u3000\u5b9a\u54e1300\u540d\u306b\u9054\u3057\u6b21\u7b2c\u7de0\u3081\u5207\u308a\u3068\u306a\u308a\u307e\u3059\u3002<br \/>\n<\/strong><strong>\u25ce\u7533\u8fbc\u767b\u9332\u30d5\u30a9\u30fc\u30e0\u306f\u3053\u3061\u3089\u2193<\/strong><br \/>\n<strong><span style=\"text-decoration: underline; color: #ff0000;\">\u5b9a\u54e1\u306b\u9054\u3057\u305f\u305f\u3081\u7533\u8fbc\u3092\u7d42\u4e86\u3057\u307e\u3057\u305f\uff01\u305f\u304f\u3055\u3093\u306e\u7533\u8fbc\u3042\u308a\u304c\u3068\u3046\u3054\u3056\u3044\u307e\u3057\u305f\uff01<\/span><br \/>\n<\/strong><br \/>\n<strong>\u8a73\u7d30\u306f\u30c1\u30e9\u30b7\u3092\u30af\u30ea\u30c3\u30af<\/strong><br \/>\n<a href=\"https:\/\/tachikawajc.or.jp\/annai-240702\/\"><img loading=\"lazy\" decoding=\"async\" class=\"alignnone wp-image-8190 size-medium\" src=\"https:\/\/tachikawajc.or.jp\/2025\/wp-content\/uploads\/2024\/07\/\u63d0\u706f\u3000\u5e83\u5831\u7528_page-0001-1-212x300.jpg\" alt=\"\" width=\"212\" height=\"300\" srcset=\"https:\/\/tachikawajc.or.jp\/2025\/wp-content\/uploads\/2024\/07\/\u63d0\u706f\u3000\u5e83\u5831\u7528_page-0001-1-212x300.jpg 212w, https:\/\/tachikawajc.or.jp\/2025\/wp-content\/uploads\/2024\/07\/\u63d0\u706f\u3000\u5e83\u5831\u7528_page-0001-1-724x1024.jpg 724w, https:\/\/tachikawajc.or.jp\/2025\/wp-content\/uploads\/2024\/07\/\u63d0\u706f\u3000\u5e83\u5831\u7528_page-0001-1-768x1086.jpg 768w, https:\/\/tachikawajc.or.jp\/2025\/wp-content\/uploads\/2024\/07\/\u63d0\u706f\u3000\u5e83\u5831\u7528_page-0001-1.jpg 931w\" sizes=\"(max-width: 212px) 100vw, 212px\" \/><\/a>\u3000<a href=\"https:\/\/tachikawajc.or.jp\/annai-240702\/\"><img loading=\"lazy\" decoding=\"async\" class=\"alignnone wp-image-8191 size-medium\" src=\"https:\/\/tachikawajc.or.jp\/2025\/wp-content\/uploads\/2024\/07\/\u63d0\u706f\u3000\u5e83\u5831\u7528_page-0002-1-212x300.jpg\" alt=\"\" width=\"212\" height=\"300\" srcset=\"https:\/\/tachikawajc.or.jp\/2025\/wp-content\/uploads\/2024\/07\/\u63d0\u706f\u3000\u5e83\u5831\u7528_page-0002-1-212x300.jpg 212w, https:\/\/tachikawajc.or.jp\/2025\/wp-content\/uploads\/2024\/07\/\u63d0\u706f\u3000\u5e83\u5831\u7528_page-0002-1-724x1024.jpg 724w, https:\/\/tachikawajc.or.jp\/2025\/wp-content\/uploads\/2024\/07\/\u63d0\u706f\u3000\u5e83\u5831\u7528_page-0002-1-768x1086.jpg 768w, https:\/\/tachikawajc.or.jp\/2025\/wp-content\/uploads\/2024\/07\/\u63d0\u706f\u3000\u5e83\u5831\u7528_page-0002-1.jpg 931w\" sizes=\"(max-width: 212px) 100vw, 212px\" \/><\/a><\/p>\n<p>&nbsp;<\/p>\n<p>\u304a\u7533\u8fbc\u307f\u306f\u3053\u3061\u3089\u2193Click here to apply\u2193\u70b9\u51fb\u6b64\u5904\u7533\u8bf7\u2193\uc2e0\uccad\uc740 \uc774\ucabd\u2193Nh\u1ea5n v\u00e0o \u0111\u00e2y \u0111\u1ec3 \u00e1p d\u1ee5ng<br \/>\n<strong><span style=\"text-decoration: underline;\">\u25c6\u300cTachikawa Global Festa\u300d<\/span><\/strong><br \/>\n<strong>\u958b\u50ac\u65e5\uff1a6\u670829\u65e5(\u571f)<\/strong><br \/>\n<strong>\u6642\u3000\u9593\uff1a10\u6642\u301c16\u6642\uff08\u958b\u58349\u664230\u5206\u301c\uff09<\/strong><br \/>\n<strong>\u4f1a\u3000\u5834\uff1a\u30c9\u30fc\u30e0\u7acb\u5ddd\u7acb\u98db\uff08\u7acb\u5ddd\u5e02\u6cc9\u753a500\u22124\uff09<\/strong><br \/>\n<strong>\u5bfe\u3000\u8c61\uff1a\u7acb\u5ddd\u5e02\u30fb\u56fd\u7acb\u5e02\u30fb\u6b66\u8535\u6751\u5c71\u5e02\u306e3\u5e02\u3068\u8fd1\u96a3\u5730\u57df\u306b\u304a\u4f4f\u307e\u3044\u306e\u65b9<\/strong><br \/>\n<strong>\u53c2\u52a0\u8cbb\uff1a\u7121\u6599<\/strong><br \/>\n<strong>\u7533\u3000\u8fbc\uff1a\u4e0d\u8981\uff08\u4e00\u90e8\u8981\u7533\u8fbc\u307f\uff09<\/strong><br \/>\n<strong>\uff3b\u7533\u3057\u8fbc\u307fURL\uff3d\u30a4\u30d9\u30f3\u30c8\u306f\u7d42\u4e86\u3057\u307e\u3057\u305f\uff01\u3054\u5fdc\u52df\u3042\u308a\u304c\u3068\u3046\u3054\u3056\u3044\u307e\u3057\u305f\uff01<\/strong><br \/>\n<strong>\u8a73\u7d30\u306f\u30c1\u30e9\u30b7\u3092\u30af\u30ea\u30c3\u30af<br \/>\n<a href=\"https:\/\/tachikawajc.or.jp\/annai-240501\/\"><img loading=\"lazy\" decoding=\"async\" class=\"alignnone wp-image-8062 size-medium\" src=\"https:\/\/tachikawajc.or.jp\/2025\/wp-content\/uploads\/2024\/05\/S__14114826-212x300.jpg\" alt=\"\" width=\"212\" height=\"300\" srcset=\"https:\/\/tachikawajc.or.jp\/2025\/wp-content\/uploads\/2024\/05\/S__14114826-212x300.jpg 212w, https:\/\/tachikawajc.or.jp\/2025\/wp-content\/uploads\/2024\/05\/S__14114826-724x1024.jpg 724w, https:\/\/tachikawajc.or.jp\/2025\/wp-content\/uploads\/2024\/05\/S__14114826-768x1086.jpg 768w, https:\/\/tachikawajc.or.jp\/2025\/wp-content\/uploads\/2024\/05\/S__14114826.jpg 1076w\" sizes=\"(max-width: 212px) 100vw, 212px\" \/><\/a><\/strong><\/p>\n<p><strong><span style=\"text-decoration: underline;\">\u25c6\u300c3\u5e02\u5408\u540c\u308f\u3093\u3071\u304f\u76f8\u64b2\u3000\u30c9\u30fc\u30e0\u7acb\u5ddd\u7acb\u98db\u5834\u6240\u300d<br \/>\n<\/span>\u65e5\u3000\u7a0b\uff1a5\u670819\u65e5\uff08\u65e5\uff09<br \/>\n\u6642\u3000\u9593\uff1a\u53d7\u4ed89:00\u3000\u958b\u59cb10:00\u3000\u7d42\u4e86\u4e88\u5b9a14:30<br \/>\n\u4f1a\u3000\u5834\uff1a\u30c9\u30fc\u30e0\u7acb\u5ddd\u7acb\u98db\uff08\u7acb\u5ddd\u5e02\u6cc9\u753a500-4\uff09<br \/>\n\u5bfe\u3000\u8c61\uff1a\u7acb\u5ddd\u5e02\u30fb\u56fd\u7acb\u5e02\u30fb\u6b66\u8535\u6751\u5c71\u5e02\u306e3\u5e02\u3068\u8fd1\u96a3\u5730\u57df\u306e<span style=\"text-decoration: underline;\">\u5c0f\u5b66\u68214\u5e74\u751f\uff5e6\u5e74\u751f\u307e\u3067<\/span>\u306e\u7537\u5973<br \/>\n\u53c2\u52a0\u8cbb\uff1a\u7121\u6599<br \/>\n\u7533\u3000\u8fbc\uff1a\u4e8b\u524d\u7533\u8fbc\uff08\u5b9a\u54e1\u306b\u9054\u3057\u6b21\u7b2c \u53d7\u4ed8\u7d42\u4e86\uff09<br \/>\n\uff3b\u7533\u3057\u8fbc\u307fURL\uff3d<span style=\"color: #0000ff;\"><br \/>\n<\/span>\u8a73\u7d30\u306f\u30c1\u30e9\u30b7\u3092\u30af\u30ea\u30c3\u30af<span style=\"text-decoration: underline;\"><br \/>\n<a href=\"https:\/\/tachikawajc.or.jp\/annai-240411\/\" target=\"_blank\" rel=\"noopener\"><img loading=\"lazy\" decoding=\"async\" class=\"alignnone wp-image-8002 size-large\" src=\"https:\/\/tachikawajc.or.jp\/2025\/wp-content\/uploads\/2024\/04\/tachikawa-wanpaku-1024x724.jpg\" alt=\"\" width=\"800\" height=\"566\" srcset=\"https:\/\/tachikawajc.or.jp\/2025\/wp-content\/uploads\/2024\/04\/tachikawa-wanpaku-1024x724.jpg 1024w, https:\/\/tachikawajc.or.jp\/2025\/wp-content\/uploads\/2024\/04\/tachikawa-wanpaku-300x212.jpg 300w, https:\/\/tachikawajc.or.jp\/2025\/wp-content\/uploads\/2024\/04\/tachikawa-wanpaku-768x543.jpg 768w, https:\/\/tachikawajc.or.jp\/2025\/wp-content\/uploads\/2024\/04\/tachikawa-wanpaku-1536x1085.jpg 1536w, https:\/\/tachikawajc.or.jp\/2025\/wp-content\/uploads\/2024\/04\/tachikawa-wanpaku.jpg 1755w\" sizes=\"(max-width: 800px) 100vw, 800px\" \/><\/a><\/span><\/strong><\/p>\n<p><strong><br \/>\n\u25c6\u7b2c35\u56de\u3088\u3044\u3068\u796d\u308a \u5149\u3068\u97f3\u306e\u30b7\u30f3\u30d5\u30a9\u30cb\u30fc2023\u30fc\u63d0\u706f\u53ca\u3073\u304a\u9762\u7d75\u4ed8\u3051\u30fc<\/strong><\/p>\n<p>WEB\u767b\u9332\u306f<strong>\u3053\u3061\u3089<\/strong>\u304b\u3089\u3000\u3008\u5fdc\u52df\u958b\u59cb \uff17\u6708\uff18\u65e5\uff08\u571f\uff0920:00\u301c\u3000\u5fdc\u52df\u7de0\u5207 \uff18\u6708\uff15\u65e5\uff08\u571f\uff09\u3000<strong>\u203b\u5148\u7740\u9806\u3068\u306a\u308a\u307e\u3059\u3009<\/strong><\/p>\n<p><img loading=\"lazy\" decoding=\"async\" class=\"alignnone size-medium wp-image-6856\" src=\"\/wp-content\/uploads\/2024\/01\/35th_yoitomatsuri_omote.jpg\" alt=\"\u7b2c35\u56de\u3088\u3044\u3068\u796d\u308a\u30c1\u30e9\u30b7\uff08\u8868\uff09\" width=\"212\" height=\"300\" \/> <img loading=\"lazy\" decoding=\"async\" class=\"alignnone size-medium wp-image-6855\" src=\"\/wp-content\/uploads\/2024\/01\/35th_yoitomatsuri_ura.jpg\" alt=\"\u7b2c35\u56de\u3088\u3044\u3068\u796d\u308a\u30c1\u30e9\u30b7\uff08\u8868\uff09\" width=\"212\" height=\"300\" \/><\/p>\n<p>&nbsp;<\/p>\n<p><strong>\u25c6\u7b2c5\u56de\u308f\u3093\u3071\u304f\u76f8\u64b2\u3000\u6b66\u8535\u6751\u5c71\u5834\u6240\u300c\u308f\u3093\u3071\u304f\u3001\u884c\u3063\u304d\u307e\u30fc\u3059\uff01\uff01\u300d<\/strong><\/p>\n<p>WEB\u767b\u9332\u306f\u3053\u3061\u3089\u304b\u3089\u2193<\/p>\n<p>&nbsp;<\/p>\n<p><img loading=\"lazy\" decoding=\"async\" class=\"alignnone size-medium wp-image-6761\" src=\"\/wp-content\/uploads\/2024\/01\/5th_wanpakuzumou_omote.jpg\" alt=\"\u7b2c5\u56de\u308f\u3093\u3071\u304f\u76f8\u64b2\u6b66\u8535\u6751\u5c71\u5834\u6240-\u30c1\u30e9\u30b7\uff08\u8868\uff09\" width=\"212\" height=\"300\" \/> <img loading=\"lazy\" decoding=\"async\" class=\"alignnone size-medium wp-image-6762\" src=\"\/wp-content\/uploads\/2024\/01\/5th_wanpakuzumou_ura.jpg\" alt=\"\u7b2c5\u56de\u308f\u3093\u3071\u304f\u76f8\u64b2\u6b66\u8535\u6751\u5c71\u5834\u6240-\u30c1\u30e9\u30b7\uff08\u88cf\uff09\" width=\"212\" height=\"300\" \/><\/p>\n<p>&nbsp;<\/p>\n<p><strong>\u25c6\u7b2c5\u56de\u308f\u3093\u3071\u304f\u76f8\u64b2\u3000\u56fd\u7acb\u5834\u6240\u300c\u541b\u306f\u52dd\u3061\u6b8b\u308b\u3053\u3068\u304c\u3067\u304d\u308b\u304b\u3002\u300d<\/strong><\/p>\n<p>WEB\u767b\u9332\u306f\u3053\u3061\u3089\u304b\u3089\u2193<\/p>\n<p><img loading=\"lazy\" decoding=\"async\" class=\"alignnone size-medium wp-image-6728\" src=\"\/wp-content\/uploads\/2024\/01\/230331_fin_kunitachi_wanpaku_omote.jpg\" alt=\"\u7b2c5\u56de\u308f\u3093\u3071\u304f\u76f8\u64b2\u3000\u56fd\u7acb\u5834\u6240\u30c1\u30e9\u30b7\uff08\u8868\uff09\" width=\"214\" height=\"300\" \/> <img loading=\"lazy\" decoding=\"async\" class=\"alignnone size-medium wp-image-6727\" src=\"\/wp-content\/uploads\/2024\/01\/230331_fin_kunitachi_wanpaku_ura.jpg\" alt=\"\u7b2c5\u56de\u308f\u3093\u3071\u304f\u76f8\u64b2\u3000\u56fd\u7acb\u5834\u6240\u30c1\u30e9\u30b7\uff08\u88cf\uff09\" width=\"214\" height=\"300\" \/><\/p>\n","protected":false},"excerpt":{"rendered":"<p>&nbsp; \uff5e\uff5e\uff5e\uff5e\uff5e\u4ee5\u4e0b\u306f\u52df\u96c6\u7d42\u4e86\u3067\u3059\uff5e\uff5e\uff5e\uff5e\uff5e \u25c6\u300c\u5730\u57df\u3068\u3064\u306a\u304c\u308b \u82e5\u624b\u7570\u696d\u7a2e\u4ea4\u6d41\u4f1a\u300d \u3010\u6982\u3000\u8981\u3011 \u958b\u50ac\u65e5\uff1a2024\u5e7412\u67089\u65e5(\u6708) \u4f1a\u5834\uff1a\u7acb\u5ddd\u3059\u3057\u308f\u3055\u3073\uff08 \u7acb\u5ddd\u5e02\u9326\u753a1-3-29 \u9d28\u5fd7\u7530\u30d3\u30eb1F \uff09 https [&hellip;]<\/p>\n","protected":false},"author":1,"featured_media":0,"parent":0,"menu_order":10,"comment_status":"closed","ping_status":"closed","template":"","meta":{"_acf_changed":false,"footnotes":""},"class_list":["post-205","page","type-page","status-publish","hentry"],"acf":[],"aioseo_notices":[],"_links":{"self":[{"href":"https:\/\/tachikawajc.or.jp\/2025\/index.php?rest_route=\/wp\/v2\/pages\/205","targetHints":{"allow":["GET"]}}],"collection":[{"href":"https:\/\/tachikawajc.or.jp\/2025\/index.php?rest_route=\/wp\/v2\/pages"}],"about":[{"href":"https:\/\/tachikawajc.or.jp\/2025\/index.php?rest_route=\/wp\/v2\/types\/page"}],"author":[{"embeddable":true,"href":"https:\/\/tachikawajc.or.jp\/2025\/index.php?rest_route=\/wp\/v2\/users\/1"}],"replies":[{"embeddable":true,"href":"https:\/\/tachikawajc.or.jp\/2025\/index.php?rest_route=%2Fwp%2Fv2%2Fcomments&post=205"}],"version-history":[{"count":3,"href":"https:\/\/tachikawajc.or.jp\/2025\/index.php?rest_route=\/wp\/v2\/pages\/205\/revisions"}],"predecessor-version":[{"id":9035,"href":"https:\/\/tachikawajc.or.jp\/2025\/index.php?rest_route=\/wp\/v2\/pages\/205\/revisions\/9035"}],"wp:attachment":[{"href":"https:\/\/tachikawajc.or.jp\/2025\/index.php?rest_route=%2Fwp%2Fv2%2Fmedia&parent=205"}],"curies":[{"name":"wp","href":"https:\/\/api.w.org\/{rel}","templated":true}]}}